{"id":2097,"date":"2025-06-26T08:23:42","date_gmt":"2025-06-26T08:23:42","guid":{"rendered":"https:\/\/sl-brand.si\/?post_type=product&#038;p=2097"},"modified":"2025-08-01T21:16:13","modified_gmt":"2025-08-01T20:16:13","slug":"crop-top-elevess-blue","status":"publish","type":"product","link":"https:\/\/sl-brand.si\/index.php\/izdelek\/crop-top-elevess-blue\/","title":{"rendered":"Crop top Elevess blue"},"content":{"rendered":"<p data-start=\"177\" data-end=\"525\">Brez\u0161ivni crop top iz kolekcije <strong data-start=\"373\" data-end=\"384\">Elevess<\/strong> je zasnovan za vse, ki si \u017eelijo popolne svobode gibanja in ob\u010dutka druge ko\u017ee. Material se popolnoma prilega tvojemu telesu, se razteza s tvojimi gibi in nudi nevidno, a zanesljivo oporo.<br data-start=\"573\" data-end=\"576\" \/>Zahvaljujo\u010d inovativni brez\u0161ivni konstrukciji ne ti\u0161\u010di, ne re\u017ee in se ne zarezuje v ko\u017eo, zato je idealen tako za vadbo kot za prosti \u010das. Prefinjeni detajli z rahlim sijajem dodajo piko na i elegantnemu minimalisti\u010dnemu videzu<\/p>\n<p>BARVA: <strong data-start=\"777\" data-end=\"796\">Mat temno modra<\/strong> z rahlim sijajem v detajlih za sodoben, minimalisti\u010den videz. Detajli so diskretni, a izrazni \u2013 dovolj, da dodajo karakter, ne da bi prevzeli celoten look.<\/p>\n","protected":false},"excerpt":{"rendered":"<p>Elegantno oblikovan brez\u0161ivni crop top iz kolekcije <strong data-start=\"141\" data-end=\"152\">Elevess<\/strong>, ki se prilega kot druga ko\u017ea. Nudi izjemno udobje, nevidno oporo in subtilen sijaj v MAT barvi za minimalisti\u010den, a prefinjen videz.<\/p>\n","protected":false},"featured_media":2745,"comment_status":"open","ping_status":"closed","template":"","meta":[],"product_brand":[59],"product_cat":[61,49],"product_tag":[],"giftcard-category":[],"class_list":{"0":"post-2097","1":"product","2":"type-product","3":"status-publish","4":"has-post-thumbnail","6":"product_brand-elevess","7":"product_cat-top","8":"product_cat-zgornji_del","11":"instock","12":"shipping-taxable","13":"purchasable","14":"product-type-variable","15":"product-grid-view"},"yoast_head":"<!-- This site is optimized with the Yoast SEO plugin v25.5 - https:\/\/yoast.com\/wordpress\/plugins\/seo\/ -->\n<title>Crop top Elevess blue - SL Brand<\/title>\n<meta name=\"robots\" content=\"index, follow, max-snippet:-1, max-image-preview:large, max-video-preview:-1\" \/>\n<link rel=\"canonical\" href=\"https:\/\/sl-brand.si\/index.php\/izdelek\/crop-top-elevess-blue\/\" \/>\n<meta property=\"og:locale\" content=\"sl_SI\" \/>\n<meta property=\"og:type\" content=\"article\" \/>\n<meta property=\"og:title\" content=\"Crop top Elevess blue - SL Brand\" \/>\n<meta property=\"og:description\" content=\"Elegantno oblikovan brez\u0161ivni crop top iz kolekcije Elevess, ki se prilega kot druga ko\u017ea. Nudi izjemno udobje, nevidno oporo in subtilen sijaj v MAT barvi za minimalisti\u010den, a prefinjen videz.\" \/>\n<meta property=\"og:url\" content=\"https:\/\/sl-brand.si\/index.php\/izdelek\/crop-top-elevess-blue\/\" \/>\n<meta property=\"og:site_name\" content=\"SL Brand\" \/>\n<meta property=\"article:modified_time\" content=\"2025-08-01T20:16:13+00:00\" \/>\n<meta property=\"og:image\" content=\"https:\/\/sl-brand.si\/wp-content\/uploads\/2025\/06\/Simple-Life-189-scaled.jpg\" \/>\n\t<meta property=\"og:image:width\" content=\"1707\" \/>\n\t<meta property=\"og:image:height\" content=\"2560\" \/>\n\t<meta property=\"og:image:type\" content=\"image\/jpeg\" \/>\n<meta name=\"twitter:card\" content=\"summary_large_image\" \/>\n<meta name=\"twitter:label1\" content=\"Est. reading time\" \/>\n\t<meta name=\"twitter:data1\" content=\"1 minuta\" \/>\n<script type=\"application\/ld+json\" class=\"yoast-schema-graph\">{\"@context\":\"https:\/\/schema.org\",\"@graph\":[{\"@type\":\"WebPage\",\"@id\":\"https:\/\/sl-brand.si\/index.php\/izdelek\/crop-top-elevess-blue\/\",\"url\":\"https:\/\/sl-brand.si\/index.php\/izdelek\/crop-top-elevess-blue\/\",\"name\":\"Crop top Elevess blue - SL Brand\",\"isPartOf\":{\"@id\":\"https:\/\/sl-brand.si\/#website\"},\"primaryImageOfPage\":{\"@id\":\"https:\/\/sl-brand.si\/index.php\/izdelek\/crop-top-elevess-blue\/#primaryimage\"},\"image\":{\"@id\":\"https:\/\/sl-brand.si\/index.php\/izdelek\/crop-top-elevess-blue\/#primaryimage\"},\"thumbnailUrl\":\"https:\/\/sl-brand.si\/wp-content\/uploads\/2025\/06\/Simple-Life-189-scaled.jpg\",\"datePublished\":\"2025-06-26T08:23:42+00:00\",\"dateModified\":\"2025-08-01T20:16:13+00:00\",\"breadcrumb\":{\"@id\":\"https:\/\/sl-brand.si\/index.php\/izdelek\/crop-top-elevess-blue\/#breadcrumb\"},\"inLanguage\":\"sl-SI\",\"potentialAction\":[{\"@type\":\"ReadAction\",\"target\":[\"https:\/\/sl-brand.si\/index.php\/izdelek\/crop-top-elevess-blue\/\"]}]},{\"@type\":\"ImageObject\",\"inLanguage\":\"sl-SI\",\"@id\":\"https:\/\/sl-brand.si\/index.php\/izdelek\/crop-top-elevess-blue\/#primaryimage\",\"url\":\"https:\/\/sl-brand.si\/wp-content\/uploads\/2025\/06\/Simple-Life-189-scaled.jpg\",\"contentUrl\":\"https:\/\/sl-brand.si\/wp-content\/uploads\/2025\/06\/Simple-Life-189-scaled.jpg\",\"width\":1707,\"height\":2560,\"caption\":\"top moder, crop top, crop top moder, top blue, sl top, crop top mat\"},{\"@type\":\"BreadcrumbList\",\"@id\":\"https:\/\/sl-brand.si\/index.php\/izdelek\/crop-top-elevess-blue\/#breadcrumb\",\"itemListElement\":[{\"@type\":\"ListItem\",\"position\":1,\"name\":\"Domov\",\"item\":\"https:\/\/sl-brand.si\/\"},{\"@type\":\"ListItem\",\"position\":2,\"name\":\"Trgovina\",\"item\":\"https:\/\/sl-brand.si\/index.php\/trgovina\/\"},{\"@type\":\"ListItem\",\"position\":3,\"name\":\"Crop top Elevess blue\"}]},{\"@type\":\"WebSite\",\"@id\":\"https:\/\/sl-brand.si\/#website\",\"url\":\"https:\/\/sl-brand.si\/\",\"name\":\"SL Brand\",\"description\":\"Simple Life\",\"publisher\":{\"@id\":\"https:\/\/sl-brand.si\/#organization\"},\"potentialAction\":[{\"@type\":\"SearchAction\",\"target\":{\"@type\":\"EntryPoint\",\"urlTemplate\":\"https:\/\/sl-brand.si\/?s={search_term_string}\"},\"query-input\":{\"@type\":\"PropertyValueSpecification\",\"valueRequired\":true,\"valueName\":\"search_term_string\"}}],\"inLanguage\":\"sl-SI\"},{\"@type\":\"Organization\",\"@id\":\"https:\/\/sl-brand.si\/#organization\",\"name\":\"SL Brand\",\"url\":\"https:\/\/sl-brand.si\/\",\"logo\":{\"@type\":\"ImageObject\",\"inLanguage\":\"sl-SI\",\"@id\":\"https:\/\/sl-brand.si\/#\/schema\/logo\/image\/\",\"url\":\"https:\/\/sl-brand.si\/wp-content\/uploads\/2025\/01\/SLbrand-logo.jpg\",\"contentUrl\":\"https:\/\/sl-brand.si\/wp-content\/uploads\/2025\/01\/SLbrand-logo.jpg\",\"width\":272,\"height\":215,\"caption\":\"SL Brand\"},\"image\":{\"@id\":\"https:\/\/sl-brand.si\/#\/schema\/logo\/image\/\"}}]}<\/script>\n<!-- \/ Yoast SEO plugin. -->","yoast_head_json":{"title":"Crop top Elevess blue - SL Brand","robots":{"index":"index","follow":"follow","max-snippet":"max-snippet:-1","max-image-preview":"max-image-preview:large","max-video-preview":"max-video-preview:-1"},"canonical":"https:\/\/sl-brand.si\/index.php\/izdelek\/crop-top-elevess-blue\/","og_locale":"sl_SI","og_type":"article","og_title":"Crop top Elevess blue - SL Brand","og_description":"Elegantno oblikovan brez\u0161ivni crop top iz kolekcije Elevess, ki se prilega kot druga ko\u017ea. Nudi izjemno udobje, nevidno oporo in subtilen sijaj v MAT barvi za minimalisti\u010den, a prefinjen videz.","og_url":"https:\/\/sl-brand.si\/index.php\/izdelek\/crop-top-elevess-blue\/","og_site_name":"SL Brand","article_modified_time":"2025-08-01T20:16:13+00:00","og_image":[{"width":1707,"height":2560,"url":"https:\/\/sl-brand.si\/wp-content\/uploads\/2025\/06\/Simple-Life-189-scaled.jpg","type":"image\/jpeg"}],"twitter_card":"summary_large_image","twitter_misc":{"Est. reading time":"1 minuta"},"schema":{"@context":"https:\/\/schema.org","@graph":[{"@type":"WebPage","@id":"https:\/\/sl-brand.si\/index.php\/izdelek\/crop-top-elevess-blue\/","url":"https:\/\/sl-brand.si\/index.php\/izdelek\/crop-top-elevess-blue\/","name":"Crop top Elevess blue - SL Brand","isPartOf":{"@id":"https:\/\/sl-brand.si\/#website"},"primaryImageOfPage":{"@id":"https:\/\/sl-brand.si\/index.php\/izdelek\/crop-top-elevess-blue\/#primaryimage"},"image":{"@id":"https:\/\/sl-brand.si\/index.php\/izdelek\/crop-top-elevess-blue\/#primaryimage"},"thumbnailUrl":"https:\/\/sl-brand.si\/wp-content\/uploads\/2025\/06\/Simple-Life-189-scaled.jpg","datePublished":"2025-06-26T08:23:42+00:00","dateModified":"2025-08-01T20:16:13+00:00","breadcrumb":{"@id":"https:\/\/sl-brand.si\/index.php\/izdelek\/crop-top-elevess-blue\/#breadcrumb"},"inLanguage":"sl-SI","potentialAction":[{"@type":"ReadAction","target":["https:\/\/sl-brand.si\/index.php\/izdelek\/crop-top-elevess-blue\/"]}]},{"@type":"ImageObject","inLanguage":"sl-SI","@id":"https:\/\/sl-brand.si\/index.php\/izdelek\/crop-top-elevess-blue\/#primaryimage","url":"https:\/\/sl-brand.si\/wp-content\/uploads\/2025\/06\/Simple-Life-189-scaled.jpg","contentUrl":"https:\/\/sl-brand.si\/wp-content\/uploads\/2025\/06\/Simple-Life-189-scaled.jpg","width":1707,"height":2560,"caption":"top moder, crop top, crop top moder, top blue, sl top, crop top mat"},{"@type":"BreadcrumbList","@id":"https:\/\/sl-brand.si\/index.php\/izdelek\/crop-top-elevess-blue\/#breadcrumb","itemListElement":[{"@type":"ListItem","position":1,"name":"Domov","item":"https:\/\/sl-brand.si\/"},{"@type":"ListItem","position":2,"name":"Trgovina","item":"https:\/\/sl-brand.si\/index.php\/trgovina\/"},{"@type":"ListItem","position":3,"name":"Crop top Elevess blue"}]},{"@type":"WebSite","@id":"https:\/\/sl-brand.si\/#website","url":"https:\/\/sl-brand.si\/","name":"SL Brand","description":"Simple Life","publisher":{"@id":"https:\/\/sl-brand.si\/#organization"},"potentialAction":[{"@type":"SearchAction","target":{"@type":"EntryPoint","urlTemplate":"https:\/\/sl-brand.si\/?s={search_term_string}"},"query-input":{"@type":"PropertyValueSpecification","valueRequired":true,"valueName":"search_term_string"}}],"inLanguage":"sl-SI"},{"@type":"Organization","@id":"https:\/\/sl-brand.si\/#organization","name":"SL Brand","url":"https:\/\/sl-brand.si\/","logo":{"@type":"ImageObject","inLanguage":"sl-SI","@id":"https:\/\/sl-brand.si\/#\/schema\/logo\/image\/","url":"https:\/\/sl-brand.si\/wp-content\/uploads\/2025\/01\/SLbrand-logo.jpg","contentUrl":"https:\/\/sl-brand.si\/wp-content\/uploads\/2025\/01\/SLbrand-logo.jpg","width":272,"height":215,"caption":"SL Brand"},"image":{"@id":"https:\/\/sl-brand.si\/#\/schema\/logo\/image\/"}}]}},"jetpack_sharing_enabled":true,"_links":{"self":[{"href":"https:\/\/sl-brand.si\/index.php\/wp-json\/wp\/v2\/product\/2097","targetHints":{"allow":["GET"]}}],"collection":[{"href":"https:\/\/sl-brand.si\/index.php\/wp-json\/wp\/v2\/product"}],"about":[{"href":"https:\/\/sl-brand.si\/index.php\/wp-json\/wp\/v2\/types\/product"}],"replies":[{"embeddable":true,"href":"https:\/\/sl-brand.si\/index.php\/wp-json\/wp\/v2\/comments?post=2097"}],"wp:featuredmedia":[{"embeddable":true,"href":"https:\/\/sl-brand.si\/index.php\/wp-json\/wp\/v2\/media\/2745"}],"wp:attachment":[{"href":"https:\/\/sl-brand.si\/index.php\/wp-json\/wp\/v2\/media?parent=2097"}],"wp:term":[{"taxonomy":"product_brand","embeddable":true,"href":"https:\/\/sl-brand.si\/index.php\/wp-json\/wp\/v2\/product_brand?post=2097"},{"taxonomy":"product_cat","embeddable":true,"href":"https:\/\/sl-brand.si\/index.php\/wp-json\/wp\/v2\/product_cat?post=2097"},{"taxonomy":"product_tag","embeddable":true,"href":"https:\/\/sl-brand.si\/index.php\/wp-json\/wp\/v2\/product_tag?post=2097"},{"taxonomy":"giftcard-category","embeddable":true,"href":"https:\/\/sl-brand.si\/index.php\/wp-json\/wp\/v2\/giftcard-category?post=2097"}],"curies":[{"name":"wp","href":"https:\/\/api.w.org\/{rel}","templated":true}]}}