{"id":2146,"date":"2025-06-26T09:14:56","date_gmt":"2025-06-26T09:14:56","guid":{"rendered":"https:\/\/sl-brand.si\/?post_type=product&#038;p=2146"},"modified":"2025-08-01T19:42:08","modified_gmt":"2025-08-01T18:42:08","slug":"top-elevess-black","status":"publish","type":"product","link":"https:\/\/sl-brand.si\/index.php\/izdelek\/top-elevess-black\/","title":{"rendered":"Top Elevess black"},"content":{"rendered":"<p data-start=\"378\" data-end=\"613\">Ta brez\u0161ivni \u0161portni top z naramnicami iz kolekcije Elevess je zasnovan za lahkotno gibanje, popolno prileganje in maksimalno udobje. Mehka, raztegljiva tkanina objame telo kot druga ko\u017ea, ne da bi ti\u0161\u010dala ali se zarezovala v ko\u017eo.<\/p>\n<p data-start=\"615\" data-end=\"884\">Top nudi ne\u017eno, a stabilno oporo, idealno za vadbe z nizkim do srednjim intenzivnim naporom ali za vsakodnevno no\u0161enje. Tanke, elasti\u010dne naramnice poskrbijo za \u017eenstven videz, medtem ko minimalisti\u010dni svetlikajo\u010di detajli v MAT barvi dodajo pridih elegance.<\/p>\n<p data-start=\"886\" data-end=\"1009\">Zahvaljujo\u010d brez\u0161ivni tehnologiji je ta top popoln za vse, ki cenijo udobje, estetiko in svobodo gibanja \u2013 vedno in povsod.<\/p>\n<p>BARVA: <strong data-start=\"777\" data-end=\"796\">Mat \u010drna<\/strong> z rahlim sijajem v detajlih za sodoben, minimalisti\u010den videz. Detajli so diskretni, a izrazni \u2013 dovolj, da dodajo karakter, ne da bi prevzeli celoten look.<\/p>\n","protected":false},"excerpt":{"rendered":"<p>Brez\u0161ivni \u0161portni top z naramnicami iz kolekcije <strong data-start=\"190\" data-end=\"201\">Elevess<\/strong> nudi ne\u017eno, a zanesljivo oporo. Izjemno mehak material in eleganten kroj poskrbita za popolno prileganje in lahkotno gibanje.<\/p>\n","protected":false},"featured_media":2779,"comment_status":"open","ping_status":"closed","template":"","meta":[],"product_brand":[59],"product_cat":[61],"product_tag":[],"giftcard-category":[],"class_list":{"0":"post-2146","1":"product","2":"type-product","3":"status-publish","4":"has-post-thumbnail","6":"product_brand-elevess","7":"product_cat-top","10":"instock","11":"shipping-taxable","12":"purchasable","13":"product-type-variable","14":"product-grid-view"},"yoast_head":"<!-- This site is optimized with the Yoast SEO plugin v25.5 - https:\/\/yoast.com\/wordpress\/plugins\/seo\/ -->\n<title>Top Elevess black - SL Brand<\/title>\n<meta name=\"robots\" content=\"index, follow, max-snippet:-1, max-image-preview:large, max-video-preview:-1\" \/>\n<link rel=\"canonical\" href=\"https:\/\/sl-brand.si\/index.php\/izdelek\/top-elevess-black\/\" \/>\n<meta property=\"og:locale\" content=\"sl_SI\" \/>\n<meta property=\"og:type\" content=\"article\" \/>\n<meta property=\"og:title\" content=\"Top Elevess black - SL Brand\" \/>\n<meta property=\"og:description\" content=\"Brez\u0161ivni \u0161portni top z naramnicami iz kolekcije Elevess nudi ne\u017eno, a zanesljivo oporo. Izjemno mehak material in eleganten kroj poskrbita za popolno prileganje in lahkotno gibanje.\" \/>\n<meta property=\"og:url\" content=\"https:\/\/sl-brand.si\/index.php\/izdelek\/top-elevess-black\/\" \/>\n<meta property=\"og:site_name\" content=\"SL Brand\" \/>\n<meta property=\"article:modified_time\" content=\"2025-08-01T18:42:08+00:00\" \/>\n<meta property=\"og:image\" content=\"https:\/\/sl-brand.si\/wp-content\/uploads\/2025\/06\/Simple-Life-199-\u2013-kopija-scaled.jpg\" \/>\n\t<meta property=\"og:image:width\" content=\"1567\" \/>\n\t<meta property=\"og:image:height\" content=\"2560\" \/>\n\t<meta property=\"og:image:type\" content=\"image\/jpeg\" \/>\n<meta name=\"twitter:card\" content=\"summary_large_image\" \/>\n<meta name=\"twitter:label1\" content=\"Est. reading time\" \/>\n\t<meta name=\"twitter:data1\" content=\"1 minuta\" \/>\n<script type=\"application\/ld+json\" class=\"yoast-schema-graph\">{\"@context\":\"https:\/\/schema.org\",\"@graph\":[{\"@type\":\"WebPage\",\"@id\":\"https:\/\/sl-brand.si\/index.php\/izdelek\/top-elevess-black\/\",\"url\":\"https:\/\/sl-brand.si\/index.php\/izdelek\/top-elevess-black\/\",\"name\":\"Top Elevess black - SL Brand\",\"isPartOf\":{\"@id\":\"https:\/\/sl-brand.si\/#website\"},\"primaryImageOfPage\":{\"@id\":\"https:\/\/sl-brand.si\/index.php\/izdelek\/top-elevess-black\/#primaryimage\"},\"image\":{\"@id\":\"https:\/\/sl-brand.si\/index.php\/izdelek\/top-elevess-black\/#primaryimage\"},\"thumbnailUrl\":\"https:\/\/sl-brand.si\/wp-content\/uploads\/2025\/06\/Simple-Life-199-\u2013-kopija-scaled.jpg\",\"datePublished\":\"2025-06-26T09:14:56+00:00\",\"dateModified\":\"2025-08-01T18:42:08+00:00\",\"breadcrumb\":{\"@id\":\"https:\/\/sl-brand.si\/index.php\/izdelek\/top-elevess-black\/#breadcrumb\"},\"inLanguage\":\"sl-SI\",\"potentialAction\":[{\"@type\":\"ReadAction\",\"target\":[\"https:\/\/sl-brand.si\/index.php\/izdelek\/top-elevess-black\/\"]}]},{\"@type\":\"ImageObject\",\"inLanguage\":\"sl-SI\",\"@id\":\"https:\/\/sl-brand.si\/index.php\/izdelek\/top-elevess-black\/#primaryimage\",\"url\":\"https:\/\/sl-brand.si\/wp-content\/uploads\/2025\/06\/Simple-Life-199-\u2013-kopija-scaled.jpg\",\"contentUrl\":\"https:\/\/sl-brand.si\/wp-content\/uploads\/2025\/06\/Simple-Life-199-\u2013-kopija-scaled.jpg\",\"width\":1567,\"height\":2560,\"caption\":\"top \u010drn, top elevess, top mat, top sl, \u0161portni neder\u010dek, zgornji del\"},{\"@type\":\"BreadcrumbList\",\"@id\":\"https:\/\/sl-brand.si\/index.php\/izdelek\/top-elevess-black\/#breadcrumb\",\"itemListElement\":[{\"@type\":\"ListItem\",\"position\":1,\"name\":\"Domov\",\"item\":\"https:\/\/sl-brand.si\/\"},{\"@type\":\"ListItem\",\"position\":2,\"name\":\"Trgovina\",\"item\":\"https:\/\/sl-brand.si\/index.php\/trgovina\/\"},{\"@type\":\"ListItem\",\"position\":3,\"name\":\"Top Elevess black\"}]},{\"@type\":\"WebSite\",\"@id\":\"https:\/\/sl-brand.si\/#website\",\"url\":\"https:\/\/sl-brand.si\/\",\"name\":\"SL Brand\",\"description\":\"Simple Life\",\"publisher\":{\"@id\":\"https:\/\/sl-brand.si\/#organization\"},\"potentialAction\":[{\"@type\":\"SearchAction\",\"target\":{\"@type\":\"EntryPoint\",\"urlTemplate\":\"https:\/\/sl-brand.si\/?s={search_term_string}\"},\"query-input\":{\"@type\":\"PropertyValueSpecification\",\"valueRequired\":true,\"valueName\":\"search_term_string\"}}],\"inLanguage\":\"sl-SI\"},{\"@type\":\"Organization\",\"@id\":\"https:\/\/sl-brand.si\/#organization\",\"name\":\"SL Brand\",\"url\":\"https:\/\/sl-brand.si\/\",\"logo\":{\"@type\":\"ImageObject\",\"inLanguage\":\"sl-SI\",\"@id\":\"https:\/\/sl-brand.si\/#\/schema\/logo\/image\/\",\"url\":\"https:\/\/sl-brand.si\/wp-content\/uploads\/2025\/01\/SLbrand-logo.jpg\",\"contentUrl\":\"https:\/\/sl-brand.si\/wp-content\/uploads\/2025\/01\/SLbrand-logo.jpg\",\"width\":272,\"height\":215,\"caption\":\"SL Brand\"},\"image\":{\"@id\":\"https:\/\/sl-brand.si\/#\/schema\/logo\/image\/\"}}]}<\/script>\n<!-- \/ Yoast SEO plugin. -->","yoast_head_json":{"title":"Top Elevess black - SL Brand","robots":{"index":"index","follow":"follow","max-snippet":"max-snippet:-1","max-image-preview":"max-image-preview:large","max-video-preview":"max-video-preview:-1"},"canonical":"https:\/\/sl-brand.si\/index.php\/izdelek\/top-elevess-black\/","og_locale":"sl_SI","og_type":"article","og_title":"Top Elevess black - SL Brand","og_description":"Brez\u0161ivni \u0161portni top z naramnicami iz kolekcije Elevess nudi ne\u017eno, a zanesljivo oporo. Izjemno mehak material in eleganten kroj poskrbita za popolno prileganje in lahkotno gibanje.","og_url":"https:\/\/sl-brand.si\/index.php\/izdelek\/top-elevess-black\/","og_site_name":"SL Brand","article_modified_time":"2025-08-01T18:42:08+00:00","og_image":[{"width":1567,"height":2560,"url":"https:\/\/sl-brand.si\/wp-content\/uploads\/2025\/06\/Simple-Life-199-\u2013-kopija-scaled.jpg","type":"image\/jpeg"}],"twitter_card":"summary_large_image","twitter_misc":{"Est. reading time":"1 minuta"},"schema":{"@context":"https:\/\/schema.org","@graph":[{"@type":"WebPage","@id":"https:\/\/sl-brand.si\/index.php\/izdelek\/top-elevess-black\/","url":"https:\/\/sl-brand.si\/index.php\/izdelek\/top-elevess-black\/","name":"Top Elevess black - SL Brand","isPartOf":{"@id":"https:\/\/sl-brand.si\/#website"},"primaryImageOfPage":{"@id":"https:\/\/sl-brand.si\/index.php\/izdelek\/top-elevess-black\/#primaryimage"},"image":{"@id":"https:\/\/sl-brand.si\/index.php\/izdelek\/top-elevess-black\/#primaryimage"},"thumbnailUrl":"https:\/\/sl-brand.si\/wp-content\/uploads\/2025\/06\/Simple-Life-199-\u2013-kopija-scaled.jpg","datePublished":"2025-06-26T09:14:56+00:00","dateModified":"2025-08-01T18:42:08+00:00","breadcrumb":{"@id":"https:\/\/sl-brand.si\/index.php\/izdelek\/top-elevess-black\/#breadcrumb"},"inLanguage":"sl-SI","potentialAction":[{"@type":"ReadAction","target":["https:\/\/sl-brand.si\/index.php\/izdelek\/top-elevess-black\/"]}]},{"@type":"ImageObject","inLanguage":"sl-SI","@id":"https:\/\/sl-brand.si\/index.php\/izdelek\/top-elevess-black\/#primaryimage","url":"https:\/\/sl-brand.si\/wp-content\/uploads\/2025\/06\/Simple-Life-199-\u2013-kopija-scaled.jpg","contentUrl":"https:\/\/sl-brand.si\/wp-content\/uploads\/2025\/06\/Simple-Life-199-\u2013-kopija-scaled.jpg","width":1567,"height":2560,"caption":"top \u010drn, top elevess, top mat, top sl, \u0161portni neder\u010dek, zgornji del"},{"@type":"BreadcrumbList","@id":"https:\/\/sl-brand.si\/index.php\/izdelek\/top-elevess-black\/#breadcrumb","itemListElement":[{"@type":"ListItem","position":1,"name":"Domov","item":"https:\/\/sl-brand.si\/"},{"@type":"ListItem","position":2,"name":"Trgovina","item":"https:\/\/sl-brand.si\/index.php\/trgovina\/"},{"@type":"ListItem","position":3,"name":"Top Elevess black"}]},{"@type":"WebSite","@id":"https:\/\/sl-brand.si\/#website","url":"https:\/\/sl-brand.si\/","name":"SL Brand","description":"Simple Life","publisher":{"@id":"https:\/\/sl-brand.si\/#organization"},"potentialAction":[{"@type":"SearchAction","target":{"@type":"EntryPoint","urlTemplate":"https:\/\/sl-brand.si\/?s={search_term_string}"},"query-input":{"@type":"PropertyValueSpecification","valueRequired":true,"valueName":"search_term_string"}}],"inLanguage":"sl-SI"},{"@type":"Organization","@id":"https:\/\/sl-brand.si\/#organization","name":"SL Brand","url":"https:\/\/sl-brand.si\/","logo":{"@type":"ImageObject","inLanguage":"sl-SI","@id":"https:\/\/sl-brand.si\/#\/schema\/logo\/image\/","url":"https:\/\/sl-brand.si\/wp-content\/uploads\/2025\/01\/SLbrand-logo.jpg","contentUrl":"https:\/\/sl-brand.si\/wp-content\/uploads\/2025\/01\/SLbrand-logo.jpg","width":272,"height":215,"caption":"SL Brand"},"image":{"@id":"https:\/\/sl-brand.si\/#\/schema\/logo\/image\/"}}]}},"jetpack_sharing_enabled":true,"_links":{"self":[{"href":"https:\/\/sl-brand.si\/index.php\/wp-json\/wp\/v2\/product\/2146","targetHints":{"allow":["GET"]}}],"collection":[{"href":"https:\/\/sl-brand.si\/index.php\/wp-json\/wp\/v2\/product"}],"about":[{"href":"https:\/\/sl-brand.si\/index.php\/wp-json\/wp\/v2\/types\/product"}],"replies":[{"embeddable":true,"href":"https:\/\/sl-brand.si\/index.php\/wp-json\/wp\/v2\/comments?post=2146"}],"wp:featuredmedia":[{"embeddable":true,"href":"https:\/\/sl-brand.si\/index.php\/wp-json\/wp\/v2\/media\/2779"}],"wp:attachment":[{"href":"https:\/\/sl-brand.si\/index.php\/wp-json\/wp\/v2\/media?parent=2146"}],"wp:term":[{"taxonomy":"product_brand","embeddable":true,"href":"https:\/\/sl-brand.si\/index.php\/wp-json\/wp\/v2\/product_brand?post=2146"},{"taxonomy":"product_cat","embeddable":true,"href":"https:\/\/sl-brand.si\/index.php\/wp-json\/wp\/v2\/product_cat?post=2146"},{"taxonomy":"product_tag","embeddable":true,"href":"https:\/\/sl-brand.si\/index.php\/wp-json\/wp\/v2\/product_tag?post=2146"},{"taxonomy":"giftcard-category","embeddable":true,"href":"https:\/\/sl-brand.si\/index.php\/wp-json\/wp\/v2\/giftcard-category?post=2146"}],"curies":[{"name":"wp","href":"https:\/\/api.w.org\/{rel}","templated":true}]}}